{"id":5005,"date":"2023-11-16T08:25:02","date_gmt":"2023-11-16T08:25:02","guid":{"rendered":"https:\/\/www.tamdisbyjp.com\/canal-etico\/"},"modified":"2024-04-02T08:31:23","modified_gmt":"2024-04-02T08:31:23","slug":"canal-etico","status":"publish","type":"page","link":"https:\/\/www.tamdisbyjp.com\/pt-pt\/canal-etico\/","title":{"rendered":"Canal \u00c9tico"},"content":{"rendered":"\t\t<div data-elementor-type=\"wp-page\" data-elementor-id=\"5005\" class=\"elementor elementor-5005 elementor-4374\" data-elementor-post-type=\"page\">\n\t\t\t\t\t\t<section class=\"elementor-section elementor-top-section elementor-element elementor-element-85d79a8 elementor-section-boxed elementor-section-height-default elementor-section-height-default\" data-id=\"85d79a8\" data-element_type=\"section\">\n\t\t\t\t\t\t<div class=\"elementor-container elementor-column-gap-default\">\n\t\t\t\t\t<div class=\"elementor-column elementor-col-100 elementor-top-column elementor-element elementor-element-f511082\" data-id=\"f511082\" data-element_type=\"column\">\n\t\t\t<div class=\"elementor-widget-wrap elementor-element-populated\">\n\t\t\t\t\t\t<div class=\"elementor-element elementor-element-00198f2 elementor-widget elementor-widget-heading\" data-id=\"00198f2\" data-element_type=\"widget\" data-widget_type=\"heading.default\">\n\t\t\t\t<div class=\"elementor-widget-container\">\n\t\t\t\t\t<h2 class=\"elementor-heading-title elementor-size-default\">Aviso legal e privacidade<\/h2>\t\t\t\t<\/div>\n\t\t\t\t<\/div>\n\t\t\t\t<div class=\"elementor-element elementor-element-e1b837a elementor-widget__width-initial elementor-widget elementor-widget-text-editor\" data-id=\"e1b837a\" data-element_type=\"widget\" data-widget_type=\"text-editor.default\">\n\t\t\t\t<div class=\"elementor-widget-container\">\n\t\t\t\t\t\t\t\t\t<p><strong>TAMDIS PELO CANAL DE RECLAMA\u00c7\u00d5ES JP.<\/strong><br \/>Artigo 31.\u00ba-A. do C\u00f3digo Penal fala sobre a responsabilidade da pessoa colectiva, no qual se determinam n\u00e3o s\u00f3 as pessoas criminalmente respons\u00e1veis, mas tamb\u00e9m o ponto 5 estabelece os requisitos que devem ser cumpridos pelos modelos de gest\u00e3o da preven\u00e7\u00e3o da criminalidade a implementar nas organiza\u00e7\u00f5es. Um desses requisitos \u00e9 a exist\u00eancia de um meio de comunica\u00e7\u00e3o de eventuais incumprimentos: &#8220;Devem impor a obriga\u00e7\u00e3o de comunicar eventuais riscos e incumprimentos ao organismo respons\u00e1vel pelo controlo do funcionamento e da observ\u00e2ncia do modelo de preven\u00e7\u00e3o&#8221;.<\/p>\n<p>Por outro lado, e de acordo com as disposi\u00e7\u00f5es da Lei 2\/2023, de 20 de fevereiro, que regula a prote\u00e7\u00e3o das pessoas que denunciam infrac\u00e7\u00f5es regulamentares e a luta contra a corrup\u00e7\u00e3o, nomeadamente o artigo 10.\u00ba (sector privado) e o artigo 13.\u00ba (sector p\u00fablico), \u00e9 imposta a obriga\u00e7\u00e3o de criar canais internos de den\u00fancia.<\/p>\n<p><strong>Relat\u00f3rios TAMDIS BY JP: CANAL DE DEN\u00daNCIAS.<\/strong> <br \/>Este canal de den\u00fancias garante o cumprimento das disposi\u00e7\u00f5es da doutrina derivada da Circular 1\/2016 da Procuradoria-Geral da Rep\u00fablica, de 22 de janeiro, e das disposi\u00e7\u00f5es da Lei 2\/2023 acima mencionada.<\/p>\n<p>Da mesma forma, o canal externo de reclama\u00e7\u00f5es estabelecido \u00e9 gerido por um prestador de servi\u00e7os de confian\u00e7a qualificado que cumpre as especifica\u00e7\u00f5es previstas no Regulamento (UE) n.\u00ba 910\/2014 do Parlamento Europeu e do Conselho, de 23 de julho de 2014, relativo \u00e0 identifica\u00e7\u00e3o eletr\u00f3nica e aos servi\u00e7os de confian\u00e7a para as transa\u00e7\u00f5es eletr\u00f3nicas no mercado interno e na Lei 6\/2020, de 11 de novembro, que regula determinados aspetos dos servi\u00e7os de confian\u00e7a eletr\u00f3nicos.<\/p>\n<p>O recurso a um prestador de servi\u00e7os fiduci\u00e1rios qualificado tem por objetivo garantir a presun\u00e7\u00e3o de veracidade e autenticidade das provas, estabelecendo o \u00f3nus da prova para a parte que impugna o documento, em conformidade com o disposto no artigo 326.\u00ba da Lei 1\/2000, de 7 de janeiro, de Processo Civil.<\/p>\n<p>Em todo o caso, o prestador qualificado de servi\u00e7os fiduci\u00e1rios deve respeitar as instru\u00e7\u00f5es definidas pela TAMDIS BY JP. e sempre de acordo com a legisla\u00e7\u00e3o em vigor em mat\u00e9ria de prote\u00e7\u00e3o de dados, assegurando o cumprimento das obriga\u00e7\u00f5es previstas no artigo 28\u00ba do RGPD. QUEIXAS AN\u00d3NIMAS E DADOS PESSOAIS. As queixas ser\u00e3o geralmente an\u00f3nimas e ser\u00e3o respondidas atrav\u00e9s do mesmo canal pelo qual foram recebidas. O anonimato s\u00f3 pode ser levantado com o consentimento expresso do informador ou quando constituir uma obriga\u00e7\u00e3o necess\u00e1ria e proporcionada imposta pelo direito da Uni\u00e3o ou nacional no contexto de um inqu\u00e9rito efectuado pelas autoridades nacionais ou no \u00e2mbito de um processo judicial, nomeadamente para salvaguardar os direitos de defesa da pessoa em causa.<\/p>\n<p>O cumprimento da legisla\u00e7\u00e3o em mat\u00e9ria de prote\u00e7\u00e3o de dados ser\u00e1, portanto, assegurado durante o processo. (LOPD e RGPD) UTILIZA\u00c7\u00c3O DO CANAL DE DEN\u00daNCIAS. Quando o utilizador apresentar uma queixa, verificar\u00e1 que \u00e9 encaminhado para uma ferramenta em linha externa ao dom\u00ednio TAMDIS BY JP. a mensagem ser\u00e1 transmitida para a ferramenta do fornecedor qualificado de confian\u00e7a, a fim de garantir o anonimato e a prote\u00e7\u00e3o dos dados do queixoso.<\/p>\n<p>Por conseguinte, esta ferramenta pode ser utilizada por qualquer empregado da TAMDIS BY JP. ou qualquer outro terceiro que possa ter conhecimento de um comportamento pouco \u00e9tico, fraudulento ou ilegal na nossa Organiza\u00e7\u00e3o. Este canal de den\u00fancia n\u00e3o \u00e9 o canal adequado para quest\u00f5es relacionadas com as suas condi\u00e7\u00f5es de emprego ou quest\u00f5es disciplinares. Neste caso, deve seguir as pol\u00edticas estabelecidas pela sua organiza\u00e7\u00e3o.  <\/p>\n\t\t\t\t\t\t\t\t<\/div>\n\t\t\t\t<\/div>\n\t\t\t\t<div class=\"elementor-element elementor-element-24e28cf elementor-widget elementor-widget-button\" data-id=\"24e28cf\" data-element_type=\"widget\" data-widget_type=\"button.default\">\n\t\t\t\t<div class=\"elementor-widget-container\">\n\t\t\t\t\t\t\t\t\t<div class=\"elementor-button-wrapper\">\n\t\t\t\t\t<a class=\"elementor-button elementor-button-link elementor-size-sm\" href=\"https:\/\/www.coloriuris.net\/canal-denuncias\/formulario\/TAMDISbyJP\">\n\t\t\t\t\t\t<span class=\"elementor-button-content-wrapper\">\n\t\t\t\t\t\t\t\t\t<span class=\"elementor-button-text\">Formul\u00e1rio do Canal de \u00c9tica<\/span>\n\t\t\t\t\t<\/span>\n\t\t\t\t\t<\/a>\n\t\t\t\t<\/div>\n\t\t\t\t\t\t\t\t<\/div>\n\t\t\t\t<\/div>\n\t\t\t\t<div class=\"elementor-element elementor-element-ca4fda0 elementor-widget__width-initial elementor-widget elementor-widget-text-editor\" data-id=\"ca4fda0\" data-element_type=\"widget\" data-widget_type=\"text-editor.default\">\n\t\t\t\t<div class=\"elementor-widget-container\">\n\t\t\t\t\t\t\t\t\t<p>O respons\u00e1vel pelo tratamento dos dados \u00e9 a TAMDIS BY JP. que, em conformidade com uma obriga\u00e7\u00e3o legal ao abrigo da Lei 2\/2023 de 21 de fevereiro, que regula a prote\u00e7\u00e3o das pessoas que denunciam infrac\u00e7\u00f5es regulamentares e a luta contra a corrup\u00e7\u00e3o, processar\u00e1 as informa\u00e7\u00f5es para efeitos de tratamento das den\u00fancias recebidas atrav\u00e9s do canal, garantindo a confidencialidade dos dados do denunciante, mantendo-os an\u00f3nimos e n\u00e3o os divulgando a terceiros, a menos que a sua identifica\u00e7\u00e3o constitua uma obriga\u00e7\u00e3o necess\u00e1ria e proporcionada imposta pela legisla\u00e7\u00e3o da UE ou nacional no contexto de uma investiga\u00e7\u00e3o levada a cabo pelas autoridades nacionais ou no \u00e2mbito de um processo judicial, caso em que deve ser comunicada \u00e0s autoridades competentes na mat\u00e9ria.<\/p>\n<p>Os seus dados ser\u00e3o conservados por um per\u00edodo m\u00e1ximo de 3 meses a partir do momento em que s\u00e3o introduzidos no canal, ap\u00f3s o que ser\u00e3o eliminados do canal, mas poder\u00e3o permanecer bloqueados quando for necess\u00e1rio demonstrar o funcionamento do modelo de preven\u00e7\u00e3o da criminalidade ou quando forem exigidos pela autoridade competente para o in\u00edcio da correspondente investiga\u00e7\u00e3o dos factos.<\/p>\n<p>Para mais informa\u00e7\u00f5es sobre o tratamento dos seus dados ou sobre como exercer os seus direitos, consulte a nossa Pol\u00edtica de Privacidade.<\/p>\n\t\t\t\t\t\t\t\t<\/div>\n\t\t\t\t<\/div>\n\t\t\t\t\t<\/div>\n\t\t<\/div>\n\t\t\t\t\t<\/div>\n\t\t<\/section>\n\t\t\t\t<\/div>\n\t\t","protected":false},"excerpt":{"rendered":"<p>Aviso legal e privacidade TAMDIS PELO CANAL DE RECLAMA\u00c7\u00d5ES JP.Artigo 31.\u00ba-A. do C\u00f3digo Penal fala sobre a responsabilidade da pessoa colectiva, no qual se determinam n\u00e3o s\u00f3 as pessoas criminalmente respons\u00e1veis, mas tamb\u00e9m o ponto 5 estabelece os requisitos que devem ser cumpridos pelos modelos de gest\u00e3o da preven\u00e7\u00e3o da criminalidade a implementar nas organiza\u00e7\u00f5es. [&hellip;]<\/p>\n","protected":false},"author":4,"featured_media":0,"parent":0,"menu_order":0,"comment_status":"closed","ping_status":"closed","template":"","meta":{"footnotes":""},"class_list":["post-5005","page","type-page","status-publish","hentry"],"_links":{"self":[{"href":"https:\/\/www.tamdisbyjp.com\/pt-pt\/wp-json\/wp\/v2\/pages\/5005","targetHints":{"allow":["GET"]}}],"collection":[{"href":"https:\/\/www.tamdisbyjp.com\/pt-pt\/wp-json\/wp\/v2\/pages"}],"about":[{"href":"https:\/\/www.tamdisbyjp.com\/pt-pt\/wp-json\/wp\/v2\/types\/page"}],"author":[{"embeddable":true,"href":"https:\/\/www.tamdisbyjp.com\/pt-pt\/wp-json\/wp\/v2\/users\/4"}],"replies":[{"embeddable":true,"href":"https:\/\/www.tamdisbyjp.com\/pt-pt\/wp-json\/wp\/v2\/comments?post=5005"}],"version-history":[{"count":1,"href":"https:\/\/www.tamdisbyjp.com\/pt-pt\/wp-json\/wp\/v2\/pages\/5005\/revisions"}],"predecessor-version":[{"id":5006,"href":"https:\/\/www.tamdisbyjp.com\/pt-pt\/wp-json\/wp\/v2\/pages\/5005\/revisions\/5006"}],"wp:attachment":[{"href":"https:\/\/www.tamdisbyjp.com\/pt-pt\/wp-json\/wp\/v2\/media?parent=5005"}],"curies":[{"name":"wp","href":"https:\/\/api.w.org\/{rel}","templated":true}]}}